{"id":87,"date":"2017-05-30T09:05:13","date_gmt":"2017-05-30T09:05:13","guid":{"rendered":"http:\/\/madsheggen.no\/?page_id=87"},"modified":"2020-03-31T20:44:51","modified_gmt":"2020-03-31T20:44:51","slug":"tekster","status":"publish","type":"page","link":"https:\/\/madsheggen.no\/en\/tekster\/","title":{"rendered":"Spr\u00e5ktjenester: Tekster"},"content":{"rendered":"<p>[vc_row][vc_column][vc_column_text]<\/p>\n<h1>Skriving av tekster<\/h1>\n<h4><a href=\"https:\/\/madsheggen.no\/spraak\/\">\u2190 Tilbake til spr\u00e5ktjenester<\/a><\/h4>\n<p>[\/vc_column_text][\/vc_column][\/vc_row][vc_row][vc_column][vc_column_text]\u00c5 skrive en tekst handler ikke bare om \u00e5 formidle informasjon \u2013 det handler ogs\u00e5 om \u00e5 formidle informasjonen p\u00e5 en m\u00e5te som leseren kjenner seg igjen i. Som tekstforfatter, er det her mitt hovedfokus ligger. \u00c5 gj\u00f8re ting vanskeligere enn de er, gir sjelden positiv effekt.[\/vc_column_text][\/vc_column][\/vc_row][vc_row][vc_column][vc_column_text]Arbeidsmengden tekstforfattere m\u00e5 legge inn n\u00e5r de skriver en tekst, vil variere ut ifra en rekke faktorer. Hovedfaktorene er <em>tema<\/em> og <em>lengde<\/em>. Noen tema, slik som badeballer og fjellturer, vil v\u00e6re enklere \u00e5 skrive om enn tyngre tema, slik som roboter og kunstig intelligens. En god tekst krever kunnskap om temaet, og leseren legger fort merke til om dette mangler. En del av tiden g\u00e5r dermed til \u00e5 tilegne seg denne kunnskapen. Lengden p\u00e5 teksten vil dernest \u00f8ke eller senke tiden arbeidet tar.<\/p>\n<hr \/>\n<p>[\/vc_column_text][\/vc_column][\/vc_row][vc_row][vc_column width=&#8221;1\/2&#8243;][vc_column_text]<\/p>\n<h2>Dette f\u00e5r du:<\/h2>\n<ul>\n<li>En tekst med form\u00e5lstjenlig spr\u00e5k.<\/li>\n<li>En SEO-vennlig tekst. <a href=\"https:\/\/madsheggen.no\/sokemotoroptimalisering\/\">Dette kan du lese mer om her.<\/a><\/li>\n<li>En garanti p\u00e5 at jeg retter eventuelle feil du m\u00e5tte oppdage, eller deler du vil endre p\u00e5. Merk at dette ikke inkluderer nytt innhold.<\/li>\n<li>En god leveringstid.<\/li>\n<\/ul>\n<p>[\/vc_column_text][\/vc_column][vc_column width=&#8221;1\/2&#8243;][vc_column_text]<\/p>\n<h2>Dette koster det<\/h2>\n<p>Prisen er 1,50 NOK per ord, med en minstepris p\u00e5 350 NOK (+ MVA).[\/vc_column_text][\/vc_column][\/vc_row][vc_row][vc_column][vc_column_text]<\/p>\n<p>[\/vc_column_text][\/vc_column][\/vc_row][vc_row css=&#8221;.vc_custom_1580231921201{background-color: rgba(218,229,232,0.3) !important;*background-color: rgb(218,229,232) !important;}&#8221;][vc_column css=&#8221;.vc_custom_1582133490784{background-color: #ffffff !important;}&#8221;][vc_cta h2=&#8221;&#8221; color=&#8221;grey&#8221; add_icon=&#8221;top&#8221; i_icon_fontawesome=&#8221;fa fa-paper-plane-o&#8221; i_color=&#8221;black&#8221; i_on_border=&#8221;true&#8221;]<\/p>\n<h2 style=\"text-align: center;\">Kontaktopplysninger<\/h2>\n<h3 style=\"text-align: center;\"><a href=\"mailto:post@madsheggen.no\">post@madsheggen.no<\/a><\/h3>\n<h3 style=\"text-align: center;\">+47 48 00 30 26<\/h3>\n<p>[\/vc_cta][\/vc_column][\/vc_row]<\/p>\n","protected":false},"excerpt":{"rendered":"<p>[vc_row][vc_column][vc_column_text] Skriving av tekster \u2190 Tilbake til spr\u00e5ktjenester [\/vc_column_text][\/vc_column][\/vc_row][vc_row][vc_column][vc_column_text]\u00c5 skrive en tekst handler ikke bare om \u00e5 formidle informasjon \u2013 det handler ogs\u00e5 om \u00e5 formidle informasjonen p\u00e5 en m\u00e5te som leseren kjenner seg igjen i. Som tekstforfatter, er det her mitt hovedfokus ligger. \u00c5 gj\u00f8re ting vanskeligere enn de er, gir sjelden positiv effekt.[\/vc_column_text][\/vc_column][\/vc_row][vc_row][vc_column][vc_column_text]Arbeidsmengden [&hellip;]<\/p>\n","protected":false},"author":1,"featured_media":0,"parent":0,"menu_order":0,"comment_status":"closed","ping_status":"closed","template":"","meta":{"footnotes":""},"_links":{"self":[{"href":"https:\/\/madsheggen.no\/en\/wp-json\/wp\/v2\/pages\/87"}],"collection":[{"href":"https:\/\/madsheggen.no\/en\/wp-json\/wp\/v2\/pages"}],"about":[{"href":"https:\/\/madsheggen.no\/en\/wp-json\/wp\/v2\/types\/page"}],"author":[{"embeddable":true,"href":"https:\/\/madsheggen.no\/en\/wp-json\/wp\/v2\/users\/1"}],"replies":[{"embeddable":true,"href":"https:\/\/madsheggen.no\/en\/wp-json\/wp\/v2\/comments?post=87"}],"version-history":[{"count":21,"href":"https:\/\/madsheggen.no\/en\/wp-json\/wp\/v2\/pages\/87\/revisions"}],"predecessor-version":[{"id":502,"href":"https:\/\/madsheggen.no\/en\/wp-json\/wp\/v2\/pages\/87\/revisions\/502"}],"wp:attachment":[{"href":"https:\/\/madsheggen.no\/en\/wp-json\/wp\/v2\/media?parent=87"}],"curies":[{"name":"wp","href":"https:\/\/api.w.org\/{rel}","templated":true}]}}