{"id":685,"date":"2024-03-18T09:29:21","date_gmt":"2024-03-18T08:29:21","guid":{"rendered":"https:\/\/madsheggen.no\/?page_id=685"},"modified":"2024-05-08T23:35:19","modified_gmt":"2024-05-08T21:35:19","slug":"spraktjenester-korrektur-av-studentoppgaver-og-arbeidskrav","status":"publish","type":"page","link":"https:\/\/madsheggen.no\/en\/spraktjenester-korrektur-av-studentoppgaver-og-arbeidskrav\/","title":{"rendered":"Spr\u00e5ktjenester: Korrektur av arbeidskrav"},"content":{"rendered":"<p>[vc_row][vc_column][vc_column_text]<\/p>\n<h1>Korrektur av studentoppgaver \/ arbeidskrav<\/h1>\n<p><em>Kvalitetssikre studentoppgaven med profesjonell korrekturlesing<\/em><\/p>\n<h4><a href=\"https:\/\/madsheggen.no\/spraak\/\">\u2190 Tilbake til spr\u00e5ktjenester<\/a><\/h4>\n<p>[\/vc_column_text][\/vc_column][\/vc_row][vc_row][vc_column][vc_column_text]\u00c5 fullf\u00f8re studentoppgaver og arbeidskrav p\u00e5 en god m\u00e5te kan v\u00e6re en utfordrende og tidkrevende. Det krever grundig forskning og analyse, samt evnen til \u00e5 formidle tanker og funn p\u00e5 en klar og tydelig m\u00e5te. God spr\u00e5kbruk er avgj\u00f8rende for \u00e5 sikre at budskapet ditt n\u00e5r frem p\u00e5 en overbevisende og profesjonell m\u00e5te. Som en erfaren korrekturleser for studenter (innenfor de fleste felt), tilbyr jeg tjenester for korrekturlesing. Jeg gir konstruktive tilbakemeldinger p\u00e5 tekstene og innholdet. Jeg har en skarp sans for detaljer og en solid forst\u00e5else av akademisk skriving, noe som gj\u00f8r at jeg kan hjelpe deg med \u00e5 forbedre og l\u00f8fte ditt arbeid til et h\u00f8yere niv\u00e5.<\/p>\n<p>Jeg er klar over studenters \u00f8konomiske situasjon, og derfor tilbyr jeg rimelige priser. Med min hjelp kan du v\u00e6re trygg p\u00e5 at oppgaven din er grundig gjennomg\u00e5tt, og at du f\u00e5r verdifulle r\u00e5d og veiledning for \u00e5 forbedre den. Jeg kan hjelpe deg med \u00e5 oppn\u00e5 dine akademiske m\u00e5l \u2013 uten \u00e5 t\u00f8mme lommeboken din.[\/vc_column_text][\/vc_column][\/vc_row][vc_row equal_height=&#8221;yes&#8221;][vc_column width=&#8221;1\/2&#8243;][vc_column_text]<\/p>\n<h2>Hva kan du forvente av mine tjenester?<\/h2>\n<p><strong>Rask og p\u00e5litelig service<\/strong>: Jeg forst\u00e5r viktigheten av \u00e5 overholde frister, og jeg vil alltid levere innen den avtalte tiden.<\/p>\n<p><strong>Personlige tilbakemeldinger<\/strong>: Hver oppgave er unik, og jeg vil derfor gi tilbakemelding som er skreddersydd til oppgaven din og behovene dine.<\/p>\n<p><strong>Konfidensialitet<\/strong>: Jeg tar konfidensialiteten til dokumentene p\u00e5 alvor. Alle filene og informasjonen du gir meg vil bli behandlet med varsomhet.[\/vc_column_text][\/vc_column][vc_column width=&#8221;1\/2&#8243;][vc_column_text]<\/p>\n<h2>Dette koster det<\/h2>\n<p>Prisen er ca. 500 kroner per 2000 ord.<\/p>\n<p><strong>Kvalitetsgaranti<\/strong><br \/>\n\u00c5 gj\u00f8re feil er menneskelig. Selv om jeg gj\u00f8r mitt ytterste for \u00e5 bedre kvaliteten til teksten, kan det i enkelte tilfeller forekomme at feil ikke blir rettet. Hvis du oppdager noe du mener er feil i etterkant, vil jeg selvsagt rette det uten tillegg i prisen. Kvalitetsgarantien dekker ikke tillegg\/endringer p\u00e5 teksten du opprinnelig ga meg.[\/vc_column_text][\/vc_column][\/vc_row][vc_row][vc_column][vc_column_text]<\/p>\n<h2>Personlig veiledning<\/h2>\n<p>[\/vc_column_text][\/vc_column][\/vc_row][vc_row][vc_column][vc_column_text]Trenger du st\u00f8tte og veiledning i prosessen med \u00e5 skrive og forbedre masteroppgaven? Jeg tilbyr skreddersydd assistanse og veiledning for \u00e5 hjelpe deg med \u00e5 n\u00e5 dine akademiske m\u00e5l. Jeg bidra til \u00e5 gj\u00f8re skriveprosessen b\u00e5de enklere og mer effektiv.<\/p>\n<p>Jeg tilbyr personlig veiledning gjennom hele prosessen. Enten du trenger hjelp med \u00e5 utvikle en klar problemstilling, strukturere oppgaven, forbedre flyten i teksten eller finpusse grammatikk og stavefeil. Mitt m\u00e5l er \u00e5 bidra til at din masteroppgave blir s\u00e5 god som mulig. P\u00e5 mange omr\u00e5der, s\u00e6rlig innenfor humaniora, kan jeg ogs\u00e5 hjelpe deg innholdsmessig.[\/vc_column_text][\/vc_column][\/vc_row][vc_row css=&#8221;.vc_custom_1580231921201{background-color: rgba(218,229,232,0.3) !important;*background-color: rgb(218,229,232) !important;}&#8221;][vc_column css=&#8221;.vc_custom_1582133490784{background-color: #ffffff !important;}&#8221;][vc_cta h2=&#8221;&#8221; color=&#8221;grey&#8221; add_icon=&#8221;top&#8221; i_icon_fontawesome=&#8221;fa fa-paper-plane-o&#8221; i_color=&#8221;black&#8221; i_on_border=&#8221;true&#8221;]<\/p>\n<h2 style=\"text-align: center;\">Kontaktopplysninger<\/h2>\n<h3 style=\"text-align: center;\"><a href=\"mailto:post@madsheggen.no\">post@madsheggen.no<\/a><\/h3>\n<h3 style=\"text-align: center;\">+47 48 00 30 26<\/h3>\n<p>[\/vc_cta][\/vc_column][\/vc_row]<\/p>\n","protected":false},"excerpt":{"rendered":"<p>[vc_row][vc_column][vc_column_text] Korrektur av studentoppgaver \/ arbeidskrav Kvalitetssikre studentoppgaven med profesjonell korrekturlesing \u2190 Tilbake til spr\u00e5ktjenester [\/vc_column_text][\/vc_column][\/vc_row][vc_row][vc_column][vc_column_text]\u00c5 fullf\u00f8re studentoppgaver og arbeidskrav p\u00e5 en god m\u00e5te kan v\u00e6re en utfordrende og tidkrevende. Det krever grundig forskning og analyse, samt evnen til \u00e5 formidle tanker og funn p\u00e5 en klar og tydelig m\u00e5te. God spr\u00e5kbruk er avgj\u00f8rende for [&hellip;]<\/p>\n","protected":false},"author":1,"featured_media":0,"parent":0,"menu_order":0,"comment_status":"closed","ping_status":"closed","template":"","meta":{"footnotes":""},"_links":{"self":[{"href":"https:\/\/madsheggen.no\/en\/wp-json\/wp\/v2\/pages\/685"}],"collection":[{"href":"https:\/\/madsheggen.no\/en\/wp-json\/wp\/v2\/pages"}],"about":[{"href":"https:\/\/madsheggen.no\/en\/wp-json\/wp\/v2\/types\/page"}],"author":[{"embeddable":true,"href":"https:\/\/madsheggen.no\/en\/wp-json\/wp\/v2\/users\/1"}],"replies":[{"embeddable":true,"href":"https:\/\/madsheggen.no\/en\/wp-json\/wp\/v2\/comments?post=685"}],"version-history":[{"count":7,"href":"https:\/\/madsheggen.no\/en\/wp-json\/wp\/v2\/pages\/685\/revisions"}],"predecessor-version":[{"id":699,"href":"https:\/\/madsheggen.no\/en\/wp-json\/wp\/v2\/pages\/685\/revisions\/699"}],"wp:attachment":[{"href":"https:\/\/madsheggen.no\/en\/wp-json\/wp\/v2\/media?parent=685"}],"curies":[{"name":"wp","href":"https:\/\/api.w.org\/{rel}","templated":true}]}}