{"id":640,"date":"2023-06-20T13:16:04","date_gmt":"2023-06-20T11:16:04","guid":{"rendered":"https:\/\/madsheggen.no\/?page_id=640"},"modified":"2024-05-08T23:49:28","modified_gmt":"2024-05-08T21:49:28","slug":"korrektur-av-masteroppgave","status":"publish","type":"page","link":"https:\/\/madsheggen.no\/en\/korrektur-av-masteroppgave\/","title":{"rendered":"Spr\u00e5ktjenester: Korrektur av masteroppgave"},"content":{"rendered":"<p>[vc_row][vc_column][vc_column_text]<\/p>\n<h1>Korrektur av masteroppgave<\/h1>\n<p><em>Kvalitetssikre din masteroppgave med profesjonell korrekturlesing<\/em><\/p>\n<h4><a href=\"https:\/\/madsheggen.no\/spraak\/\">\u2190 Tilbake til spr\u00e5ktjenester<\/a><\/h4>\n<p>[\/vc_column_text][\/vc_column][\/vc_row][vc_row][vc_column][vc_column_text]Det \u00e5 skrive en masteroppgave er en utfordrende og tidkrevende prosess. Det er ikke bare nok \u00e5 gj\u00f8re forskning og skrive ned funnene dine; du m\u00e5 ogs\u00e5 sikre at teksten er feilfri og formidler budskapet p\u00e5 en klar og presis m\u00e5te. Godt spr\u00e5k er viktig for \u00e5 formidle budskapet p\u00e5 en overbevisende og profesjonell m\u00e5te. Og det er her jeg kommer inn. Som en erfaren korrekturleser og oversetter (med mastergrad), tilbyr jeg korrekturlesing og konstruktive tilbakemeldinger for masteroppgaver i alle fagomr\u00e5der. Jeg har et skarpt \u00f8ye for detaljer samt en god forst\u00e5else av akademisk skriving, noe som betyr at jeg kan hjelpe deg med \u00e5 l\u00f8fte oppgaven din til neste niv\u00e5. Korrekturlesing for studenter prises lavere enn andre kunder, s\u00e5 her gj\u00f8r du et kupp.[\/vc_column_text][vc_column_text]Jeg kontrollerer ogs\u00e5 at teorien og sitatene i tekstene er korrekt referert. La ikke karrieren bli overskygget av un\u00f8dvendige slurvefeil. Oppretthold din akademiske integritet og unng\u00e5 kritiske feil ved \u00e5 gj\u00f8re en kildesjekk av masteroppgaven. Med en sjekk av kildene er du bedre sikret mot \u00e5 oppn\u00e5 gode resultater.[\/vc_column_text][\/vc_column][\/vc_row][vc_row equal_height=&#8221;yes&#8221;][vc_column width=&#8221;1\/2&#8243;][vc_column_text]<\/p>\n<h2>Hva kan du forvente av mine tjenester?<\/h2>\n<ul>\n<li><strong>Rask og p\u00e5litelig service<\/strong>: Jeg forst\u00e5r viktigheten av \u00e5 overholde frister, og jeg vil alltid levere innen den avtalte tiden.<\/li>\n<li><strong>Personlige tilbakemeldinger<\/strong>: Hver oppgave er unik, og jeg vil derfor gi tilbakemelding som er skreddersydd til ditt spesifikke prosjekt og dine behov.<\/li>\n<li><strong>Konfidensialitet<\/strong>: Jeg tar konfidensialiteten til dokumentene p\u00e5 alvor. Alle filene og informasjonen du gir meg vil bli behandlet med varsomhet.<\/li>\n<\/ul>\n<p>[\/vc_column_text][\/vc_column][vc_column width=&#8221;1\/2&#8243;][vc_column_text]<\/p>\n<h2>Dette koster det<\/h2>\n<p>Prisen er 1850 kroner per masteroppgave.<\/p>\n<p><strong>Kvalitetsgaranti<\/strong><br \/>\n\u00c5 gj\u00f8re feil er menneskelig. Selv om jeg gj\u00f8r mitt ytterste for \u00e5 bedre kvaliteten til teksten, kan det i enkelte tilfeller forekomme at feil ikke blir rettet. Hvis du oppdager noe du mener er feil i etterkant, vil jeg selvsagt rette det uten tillegg i prisen. Kvalitetsgarantien dekker ikke tillegg\/endringer p\u00e5 teksten du opprinnelig ga meg.[\/vc_column_text][\/vc_column][\/vc_row][vc_row][vc_column][vc_column_text]<\/p>\n<h2>Personlig veiledning<\/h2>\n<p>[\/vc_column_text][\/vc_column][\/vc_row][vc_row][vc_column][vc_column_text]Trenger du st\u00f8tte og veiledning i prosessen med \u00e5 skrive og forbedre masteroppgaven? Jeg tilbyr skreddersydd assistanse og veiledning for \u00e5 hjelpe deg med \u00e5 n\u00e5 dine akademiske m\u00e5l. Jeg bidra til \u00e5 gj\u00f8re skriveprosessen b\u00e5de enklere og mer effektiv.<\/p>\n<p>Jeg tilbyr personlig veiledning gjennom hele prosessen. Enten du trenger hjelp med \u00e5 utvikle en klar problemstilling, strukturere oppgaven, forbedre flyten i teksten eller finpusse grammatikk og stavefeil. Mitt m\u00e5l er \u00e5 bidra til at din masteroppgave blir s\u00e5 god som mulig. P\u00e5 mange omr\u00e5der, s\u00e6rlig innenfor humaniora, kan jeg ogs\u00e5 hjelpe deg innholdsmessig.[\/vc_column_text][\/vc_column][\/vc_row][vc_row css=&#8221;.vc_custom_1580231921201{background-color: rgba(218,229,232,0.3) !important;*background-color: rgb(218,229,232) !important;}&#8221;][vc_column css=&#8221;.vc_custom_1582133490784{background-color: #ffffff !important;}&#8221;][vc_cta h2=&#8221;&#8221; color=&#8221;grey&#8221; add_icon=&#8221;top&#8221; i_icon_fontawesome=&#8221;fa fa-paper-plane-o&#8221; i_color=&#8221;black&#8221; i_on_border=&#8221;true&#8221;]<\/p>\n<h2 style=\"text-align: center;\">Kontaktopplysninger<\/h2>\n<h3 style=\"text-align: center;\"><a href=\"mailto:post@madsheggen.no\">post@madsheggen.no<\/a><\/h3>\n<h3 style=\"text-align: center;\">+47 48 00 30 26<\/h3>\n<p>[\/vc_cta][\/vc_column][\/vc_row]<\/p>\n","protected":false},"excerpt":{"rendered":"<p>[vc_row][vc_column][vc_column_text] Korrektur av masteroppgave Kvalitetssikre din masteroppgave med profesjonell korrekturlesing \u2190 Tilbake til spr\u00e5ktjenester [\/vc_column_text][\/vc_column][\/vc_row][vc_row][vc_column][vc_column_text]Det \u00e5 skrive en masteroppgave er en utfordrende og tidkrevende prosess. Det er ikke bare nok \u00e5 gj\u00f8re forskning og skrive ned funnene dine; du m\u00e5 ogs\u00e5 sikre at teksten er feilfri og formidler budskapet p\u00e5 en klar og presis m\u00e5te. [&hellip;]<\/p>\n","protected":false},"author":1,"featured_media":0,"parent":0,"menu_order":0,"comment_status":"closed","ping_status":"closed","template":"","meta":{"footnotes":""},"_links":{"self":[{"href":"https:\/\/madsheggen.no\/en\/wp-json\/wp\/v2\/pages\/640"}],"collection":[{"href":"https:\/\/madsheggen.no\/en\/wp-json\/wp\/v2\/pages"}],"about":[{"href":"https:\/\/madsheggen.no\/en\/wp-json\/wp\/v2\/types\/page"}],"author":[{"embeddable":true,"href":"https:\/\/madsheggen.no\/en\/wp-json\/wp\/v2\/users\/1"}],"replies":[{"embeddable":true,"href":"https:\/\/madsheggen.no\/en\/wp-json\/wp\/v2\/comments?post=640"}],"version-history":[{"count":15,"href":"https:\/\/madsheggen.no\/en\/wp-json\/wp\/v2\/pages\/640\/revisions"}],"predecessor-version":[{"id":703,"href":"https:\/\/madsheggen.no\/en\/wp-json\/wp\/v2\/pages\/640\/revisions\/703"}],"wp:attachment":[{"href":"https:\/\/madsheggen.no\/en\/wp-json\/wp\/v2\/media?parent=640"}],"curies":[{"name":"wp","href":"https:\/\/api.w.org\/{rel}","templated":true}]}}