{"id":62,"date":"2017-05-22T08:53:11","date_gmt":"2017-05-22T08:53:11","guid":{"rendered":"http:\/\/madsheggen.no\/?page_id=62"},"modified":"2020-08-13T15:44:58","modified_gmt":"2020-08-13T13:44:58","slug":"portefolje","status":"publish","type":"page","link":"https:\/\/madsheggen.no\/en\/portefolje\/","title":{"rendered":"Portef\u00f8lje"},"content":{"rendered":"<p>[vc_row][vc_column][vc_column_text]<\/p>\n<div class=\"vc_row wpb_row vc_row-fluid\">\n<div class=\"wpb_column vc_column_container vc_col-sm-12\">\n<div class=\"vc_column-inner \">\n<div class=\"wpb_wrapper\">\n<div class=\"wpb_text_column wpb_content_element \">\n<div class=\"wpb_wrapper\">\n<h1>Portef\u00f8lje<\/h1>\n<\/div>\n<\/div>\n<\/div>\n<\/div>\n<\/div>\n<\/div>\n<p>[\/vc_column_text][\/vc_column][\/vc_row][vc_row][vc_column][vc_message]Siden er under oppdatering.[\/vc_message][\/vc_column][\/vc_row][vc_row][vc_column][vc_row_inner][vc_column_inner width=&#8221;1\/4&#8243;][vc_single_image image=&#8221;572&#8243; img_size=&#8221;medium&#8221; alignment=&#8221;center&#8221; css=&#8221;.vc_custom_1597067146489{padding-top: 35px !important;}&#8221;][\/vc_column_inner][vc_column_inner width=&#8221;3\/4&#8243;][vc_column_text]<\/p>\n<h2><a href=\"https:\/\/avionero.no\/\">Avionero.no<\/a><\/h2>\n<blockquote>\n<p>\u00abIt was a pleasure working with Mads on translations for our website. He&#8217;s very prompt, responsive, attentive to details, and highly professional. Will be very happy to continue our cooperation.\u00bb<\/p>\n<\/blockquote>\n<p>[\/vc_column_text][\/vc_column_inner][\/vc_row_inner][\/vc_column][\/vc_row][vc_row][vc_column][vc_row_inner][vc_column_inner width=&#8221;1\/4&#8243; css=&#8221;.vc_custom_1597323835505{background-color: #ffffff !important;}&#8221;][vc_single_image image=&#8221;576&#8243; img_size=&#8221;140&#215;149&#8243; alignment=&#8221;center&#8221;][\/vc_column_inner][vc_column_inner width=&#8221;3\/4&#8243;][vc_column_text]<\/p>\n<h2><a href=\"https:\/\/brukere.snl.no\/user_authorships\/20805\">Store norske leksikon<\/a><\/h2>\n<blockquote>\n<p>For Store norske leksikon jobber jeg som fagmedarbeider. Arbeidsoppgavene omfatter korrekturlesing og skriving av artikler p\u00e5 et h\u00f8yt faglig niv\u00e5.<\/p>\n<\/blockquote>\n<p>[\/vc_column_text][\/vc_column_inner][\/vc_row_inner][\/vc_column][\/vc_row][vc_row][vc_column][vc_cta h2=&#8221;&#8221; color=&#8221;grey&#8221; add_icon=&#8221;top&#8221; i_icon_fontawesome=&#8221;fa fa-paper-plane-o&#8221; i_color=&#8221;black&#8221; i_on_border=&#8221;true&#8221;]<\/p>\n<h2 style=\"text-align: center;\">Kontaktopplysninger<\/h2>\n<h3 style=\"text-align: center;\"><a href=\"mailto:post@madsheggen.no\">post@madsheggen.no<\/a><\/h3>\n<h3 style=\"text-align: center;\">+47 48 00 30 26<\/h3>\n<p>[\/vc_cta][\/vc_column][\/vc_row]<\/p>\n","protected":false},"excerpt":{"rendered":"<p>[vc_row][vc_column][vc_column_text] Portef\u00f8lje [\/vc_column_text][\/vc_column][\/vc_row][vc_row][vc_column][vc_message]Siden er under oppdatering.[\/vc_message][\/vc_column][\/vc_row][vc_row][vc_column][vc_row_inner][vc_column_inner width=&#8221;1\/4&#8243;][vc_single_image image=&#8221;572&#8243; img_size=&#8221;medium&#8221; alignment=&#8221;center&#8221; css=&#8221;.vc_custom_1597067146489{padding-top: 35px !important;}&#8221;][\/vc_column_inner][vc_column_inner width=&#8221;3\/4&#8243;][vc_column_text] Avionero.no \u00abIt was a pleasure working with Mads on translations for our website. He&#8217;s very prompt, responsive, attentive to details, and highly professional. Will be very happy to continue our cooperation.\u00bb [\/vc_column_text][\/vc_column_inner][\/vc_row_inner][\/vc_column][\/vc_row][vc_row][vc_column][vc_row_inner][vc_column_inner width=&#8221;1\/4&#8243; css=&#8221;.vc_custom_1597323835505{background-color: #ffffff !important;}&#8221;][vc_single_image image=&#8221;576&#8243; img_size=&#8221;140&#215;149&#8243; alignment=&#8221;center&#8221;][\/vc_column_inner][vc_column_inner width=&#8221;3\/4&#8243;][vc_column_text] Store [&hellip;]<\/p>\n","protected":false},"author":1,"featured_media":0,"parent":0,"menu_order":0,"comment_status":"closed","ping_status":"closed","template":"","meta":{"footnotes":""},"_links":{"self":[{"href":"https:\/\/madsheggen.no\/en\/wp-json\/wp\/v2\/pages\/62"}],"collection":[{"href":"https:\/\/madsheggen.no\/en\/wp-json\/wp\/v2\/pages"}],"about":[{"href":"https:\/\/madsheggen.no\/en\/wp-json\/wp\/v2\/types\/page"}],"author":[{"embeddable":true,"href":"https:\/\/madsheggen.no\/en\/wp-json\/wp\/v2\/users\/1"}],"replies":[{"embeddable":true,"href":"https:\/\/madsheggen.no\/en\/wp-json\/wp\/v2\/comments?post=62"}],"version-history":[{"count":35,"href":"https:\/\/madsheggen.no\/en\/wp-json\/wp\/v2\/pages\/62\/revisions"}],"predecessor-version":[{"id":579,"href":"https:\/\/madsheggen.no\/en\/wp-json\/wp\/v2\/pages\/62\/revisions\/579"}],"wp:attachment":[{"href":"https:\/\/madsheggen.no\/en\/wp-json\/wp\/v2\/media?parent=62"}],"curies":[{"name":"wp","href":"https:\/\/api.w.org\/{rel}","templated":true}]}}