{"id":348,"date":"2018-06-30T17:33:46","date_gmt":"2018-06-30T17:33:46","guid":{"rendered":"http:\/\/madsheggen.no\/?page_id=348"},"modified":"2020-03-31T20:32:18","modified_gmt":"2020-03-31T20:32:18","slug":"personvernerklaering","status":"publish","type":"page","link":"https:\/\/madsheggen.no\/en\/personvernerklaering\/","title":{"rendered":"Personvernerkl\u00e6ring"},"content":{"rendered":"<p>[vc_row][vc_column][vc_column_text]<\/p>\n<h1 class=\"page-title\">PERSONVERNERKL\u00c6RING<\/h1>\n<p><strong>Hvem f\u00e5r tilgang til informasjonen?<\/strong><\/p>\n<p>All informasjon behandles konfidensielt av Heggen tjenester (Mads Heggen). Informasjon som navn, adresse, kj\u00f8p og betalinger kan gis videre til skattemyndighetene om dette blir forespurt.<\/p>\n<p>I prosjekter der jeg videreformidler oppdrag p\u00e5 vegne av en tredjepart, vil informasjonen denne tredjeparten beh\u00f8ver samles inn enten av meg eller tredjeparten. Tredjepartens egen personvernserkl\u00e6ring vil i slike tilfeller gjelde.<\/p>\n<p><strong>Form\u00e5let<\/strong><\/p>\n<p>Form\u00e5let med informasjonen er \u00e5 f\u00e5 oversikt over kunder og deres kontaktinformasjon, kommunikasjon, tidligere prosjekter som er utf\u00f8rt med disse og utf\u00f8relse av prosjektet. Som kunde godtar du at informasjonen kan brukes til disse form\u00e5lene. Betalingsinformasjon oppbevares i minimum 5 \u00e5r etter norsk lov for bokf\u00f8ring.<\/p>\n<p><strong>Denne informasjonen samler vi om deg<\/strong><\/p>\n<p>Vi henter ikke opplysninger om deg fra andre kilder enn det du selv oppgir ved kommunikasjon med meg, eller ved overlevering av filer. Du har til enhver tid rett til \u00e5 f\u00e5 vite hvilke opplysninger vi har om deg, endre og slette disse.<\/p>\n<p>Unntaket ved sletting, er om du er kunde med et p\u00e5g\u00e5ende prosjekt hos meg, eller \u00f8nsker \u00e5 ha et prosjekt utf\u00f8rt. Under slike tilfeller, kreves det at informasjonen skal kunne lagres. Allerede anonymisert innhold kan i enkelte tilfeller heller ikke slettes.<\/p>\n<p><strong>F\u00f8lgende informasjon er obligatorisk \u00e5 oppgi:<\/strong><\/p>\n<p>Ved bestilling av tjenester, kreves det fullt navn, adresse og e-postadresse. Noen prosjekter kan kreve at det gis tilgang til nettsider. I slike tilfeller vil brukernavn og passord til disse nettsidene v\u00e6re n\u00f8dvendig \u00e5 oppgi. Representerer kunden en bedrift, m\u00e5 organisasjonsnummer oppgis. Informasjon som er n\u00f8dvendig for utf\u00f8ringen av oppdraget, vil ogs\u00e5 lagres.<\/p>\n<p><strong>Sikring av opplysninger<\/strong><\/p>\n<p>Oversatte, korrekturleste eller skrevne tekster og andre filer, samt kontaktinformasjon og kommunikasjon gjennom e-post, lagres bak en passordbeskyttet konto (Google), med totrinnskontroll for p\u00e5logging. Opplysningene deles ikke med tredjeparter der prosjektets omfang ikke tilsier at dette er n\u00f8dvendig.<\/p>\n<p>Arbeidsforhold (og i noen tilfeller ferdige prosjekter) vil kunne legges inn under portef\u00f8ljet, men bare om kunden har gitt tillatelse til \u00e5 gj\u00f8re dette. Brukernavn og passord til nettsider eller andre tjenester tilh\u00f8rende kunden slettes fra e-post og datamaskin etter prosjektets slutt, om ikke annet er avtalt.<\/p>\n<p><strong>Kontaktinformasjon<\/strong><\/p>\n<p>Du kan kontakte meg p\u00e5 e-post <a href=\"mailto:post@madsheggen.no\">post@madsheggen.no<\/a>.[\/vc_column_text][\/vc_column][\/vc_row]<\/p>\n","protected":false},"excerpt":{"rendered":"<p>[vc_row][vc_column][vc_column_text] PERSONVERNERKL\u00c6RING Hvem f\u00e5r tilgang til informasjonen? All informasjon behandles konfidensielt av Heggen tjenester (Mads Heggen). Informasjon som navn, adresse, kj\u00f8p og betalinger kan gis videre til skattemyndighetene om dette blir forespurt. I prosjekter der jeg videreformidler oppdrag p\u00e5 vegne av en tredjepart, vil informasjonen denne tredjeparten beh\u00f8ver samles inn enten av meg eller tredjeparten. [&hellip;]<\/p>\n","protected":false},"author":1,"featured_media":0,"parent":0,"menu_order":0,"comment_status":"closed","ping_status":"closed","template":"","meta":{"footnotes":""},"_links":{"self":[{"href":"https:\/\/madsheggen.no\/en\/wp-json\/wp\/v2\/pages\/348"}],"collection":[{"href":"https:\/\/madsheggen.no\/en\/wp-json\/wp\/v2\/pages"}],"about":[{"href":"https:\/\/madsheggen.no\/en\/wp-json\/wp\/v2\/types\/page"}],"author":[{"embeddable":true,"href":"https:\/\/madsheggen.no\/en\/wp-json\/wp\/v2\/users\/1"}],"replies":[{"embeddable":true,"href":"https:\/\/madsheggen.no\/en\/wp-json\/wp\/v2\/comments?post=348"}],"version-history":[{"count":11,"href":"https:\/\/madsheggen.no\/en\/wp-json\/wp\/v2\/pages\/348\/revisions"}],"predecessor-version":[{"id":495,"href":"https:\/\/madsheggen.no\/en\/wp-json\/wp\/v2\/pages\/348\/revisions\/495"}],"wp:attachment":[{"href":"https:\/\/madsheggen.no\/en\/wp-json\/wp\/v2\/media?parent=348"}],"curies":[{"name":"wp","href":"https:\/\/api.w.org\/{rel}","templated":true}]}}