{"id":337,"date":"2018-05-23T09:23:36","date_gmt":"2018-05-23T09:23:36","guid":{"rendered":"http:\/\/madsheggen.no\/?page_id=337"},"modified":"2018-05-23T09:24:42","modified_gmt":"2018-05-23T09:24:42","slug":"i-folketone","status":"publish","type":"page","link":"https:\/\/madsheggen.no\/en\/komposisjon\/i-folketone\/","title":{"rendered":"I folketone \u2013 arrangement"},"content":{"rendered":"<h1>I folketone \u2013 arrangement<\/h1>\n<p><iframe loading=\"lazy\" src=\"https:\/\/w.soundcloud.com\/player\/?url=https%3A\/\/api.soundcloud.com\/tracks\/447972444&amp;color=%23ff5500&amp;auto_play=false&amp;hide_related=false&amp;show_comments=true&amp;show_user=true&amp;show_reposts=false&amp;show_teaser=true&amp;visual=true\" width=\"50%\" height=\"150\" frameborder=\"no\" scrolling=\"no\"><span data-mce-type=\"bookmark\" style=\"display: inline-block; width: 0px; overflow: hidden; line-height: 0;\" class=\"mce_SELRES_start\">\ufeff<\/span><\/iframe><br \/>\nEt arrangement av Griegs &#8220;I folketone&#8221; for trompet, to kalrinetter og cello. Skrevet for et klasseensemble ved musikklinjen p\u00e5 Fagerlia VGs for noen \u00e5r siden.Innspillingen er digital og representerer ikke det endelige lydbildet.<\/p>\n<p>Send meg en melding p\u00e5 <a href=\"mailto:post@madshegggen.no\">post@madshegggen.no<\/a>\u00a0for notemateriale.<\/p>\n","protected":false},"excerpt":{"rendered":"<p>I folketone \u2013 arrangement \ufeff Et arrangement av Griegs &#8220;I folketone&#8221; for trompet, to kalrinetter og cello. Skrevet for et klasseensemble ved musikklinjen p\u00e5 Fagerlia VGs for noen \u00e5r siden.Innspillingen er digital og representerer ikke det endelige lydbildet. Send meg en melding p\u00e5 post@madshegggen.no\u00a0for notemateriale.<\/p>\n","protected":false},"author":1,"featured_media":0,"parent":29,"menu_order":0,"comment_status":"closed","ping_status":"closed","template":"","meta":{"footnotes":""},"_links":{"self":[{"href":"https:\/\/madsheggen.no\/en\/wp-json\/wp\/v2\/pages\/337"}],"collection":[{"href":"https:\/\/madsheggen.no\/en\/wp-json\/wp\/v2\/pages"}],"about":[{"href":"https:\/\/madsheggen.no\/en\/wp-json\/wp\/v2\/types\/page"}],"author":[{"embeddable":true,"href":"https:\/\/madsheggen.no\/en\/wp-json\/wp\/v2\/users\/1"}],"replies":[{"embeddable":true,"href":"https:\/\/madsheggen.no\/en\/wp-json\/wp\/v2\/comments?post=337"}],"version-history":[{"count":7,"href":"https:\/\/madsheggen.no\/en\/wp-json\/wp\/v2\/pages\/337\/revisions"}],"predecessor-version":[{"id":344,"href":"https:\/\/madsheggen.no\/en\/wp-json\/wp\/v2\/pages\/337\/revisions\/344"}],"up":[{"embeddable":true,"href":"https:\/\/madsheggen.no\/en\/wp-json\/wp\/v2\/pages\/29"}],"wp:attachment":[{"href":"https:\/\/madsheggen.no\/en\/wp-json\/wp\/v2\/media?parent=337"}],"curies":[{"name":"wp","href":"https:\/\/api.w.org\/{rel}","templated":true}]}}