{"id":33,"date":"2017-05-12T22:10:23","date_gmt":"2017-05-12T22:10:23","guid":{"rendered":"http:\/\/madsheggen.no\/?page_id=33"},"modified":"2020-08-28T21:15:58","modified_gmt":"2020-08-28T19:15:58","slug":"spraak","status":"publish","type":"page","link":"https:\/\/madsheggen.no\/en\/spraak\/","title":{"rendered":"Spr\u00e5ktjenester"},"content":{"rendered":"<p>[vc_row][vc_column][vc_column_text]<\/p>\n<div>\n<h1>Spr\u00e5ktjenester<\/h1>\n<p><a href=\"https:\/\/madsheggen.no\/spraak\/\">\u2190 Tilbake til forsiden<\/a><\/p>\n<h2>Gi tekstene dine et l\u00f8ft<\/h2>\n<p>Jeg fokuserer f\u00f8rst og fremst p\u00e5 \u00e5 skrive i klartekst. Dette inneb\u00e6rer ikke \u00e5 ta bort informasjon, eller \u00e5 gj\u00f8re teksten \u00abdummere\u00bb, men f\u00f8rst og fremst om \u00e5 gj\u00f8re hver setning informativ. Pretensi\u00f8se formuleringer hjelper ingen \u00a0\u2013 ikke en gang deg selv. \u00c5 kommunisere handler videre ikke bare om \u00e5 skrive informativt, men like mye om \u00e5 gj\u00f8re informasjonen forst\u00e5elig og tilpasset m\u00e5lgruppen.<\/p>\n<div>\n<div>\n<div>\n<div>\n<div>\n<p>En kvalitetsgaranti er inkludert i alle prosjekter, uavhengig av st\u00f8rrelse. Denne garantien g\u00e5r ut p\u00e5 at du alltid skal sitte igjen med et sluttprodukt du er forn\u00f8yd med. Revisjoner er med andre ord inkludert i prisen vi blir enige om, men dekker ikke tillegg\/endringer p\u00e5 teksten du opprinnelig ga meg.[vc_row][vc_column width=&#8221;1\/1&#8243;][vc_column_text]<\/p>\n<\/div>\n<\/div>\n<\/div>\n<\/div>\n<\/div>\n<\/div>\n<p>[\/vc_column_text][\/vc_column][\/vc_row][vc_row][vc_column width=&#8221;1\/2&#8243;][vc_column_text]<\/p>\n<h2>Jeg kan hjelpe deg med<\/h2>\n<p>[\/vc_column_text][vc_empty_space height=&#8221;35px&#8221;][vc_btn title=&#8221;Oversettelse&#8221; style=&#8221;flat&#8221; align=&#8221;left&#8221; i_icon_fontawesome=&#8221;fa fa-pencil-square-o&#8221; add_icon=&#8221;true&#8221; link=&#8221;url:https%3A%2F%2Fmadsheggen.no%2Fspraktjenester-oversettelse%2F|title:Spr%C3%A5ktjenester%3A%20Oversettelse|&#8221;][vc_btn title=&#8221;Korrekturlesing og spr\u00e5kvask&#8221; style=&#8221;flat&#8221; align=&#8221;left&#8221; i_icon_fontawesome=&#8221;fa fa-pencil&#8221; add_icon=&#8221;true&#8221; link=&#8221;url:https%3A%2F%2Fmadsheggen.no%2Fkorrekturlesing-og-sprakvask%2F|title:Spr%C3%A5ktjenester%3A%20Oversettelse|&#8221;][vc_btn title=&#8221;Skriving av tekster&#8221; style=&#8221;flat&#8221; align=&#8221;left&#8221; i_icon_fontawesome=&#8221;fa fa-book&#8221; add_icon=&#8221;true&#8221; link=&#8221;url:https%3A%2F%2Fmadsheggen.no%2Ftekster%2F|title:Spr%C3%A5ktjenester%3A%20Oversettelse|&#8221;][\/vc_column][vc_column width=&#8221;1\/2&#8243;][\/vc_column][\/vc_row][vc_row][vc_column][\/vc_column][\/vc_row][vc_row][vc_column][vc_column_text]<\/p><\/div>\n<p>[\/vc_column_text][\/vc_column][\/vc_row][vc_row][vc_column][vc_cta h2=&#8221;&#8221; color=&#8221;grey&#8221; add_icon=&#8221;top&#8221; i_icon_fontawesome=&#8221;fa fa-paper-plane-o&#8221; i_color=&#8221;black&#8221; i_on_border=&#8221;true&#8221;]<\/p>\n<h2 style=\"text-align: center;\">Kontaktopplysninger<\/h2>\n<h3 style=\"text-align: center;\"><a href=\"mailto:post@madsheggen.no\">post@madsheggen.no<\/a><\/h3>\n<h3 style=\"text-align: center;\">+47 48 00 30 26<\/h3>\n<p>[\/vc_cta][\/vc_column][\/vc_row]<\/p>\n","protected":false},"excerpt":{"rendered":"<p>[vc_row][vc_column][vc_column_text] Spr\u00e5ktjenester \u2190 Tilbake til forsiden Gi tekstene dine et l\u00f8ft Jeg fokuserer f\u00f8rst og fremst p\u00e5 \u00e5 skrive i klartekst. Dette inneb\u00e6rer ikke \u00e5 ta bort informasjon, eller \u00e5 gj\u00f8re teksten \u00abdummere\u00bb, men f\u00f8rst og fremst om \u00e5 gj\u00f8re hver setning informativ. Pretensi\u00f8se formuleringer hjelper ingen \u00a0\u2013 ikke en gang deg selv. \u00c5 kommunisere [&hellip;]<\/p>\n","protected":false},"author":1,"featured_media":0,"parent":0,"menu_order":0,"comment_status":"closed","ping_status":"closed","template":"","meta":{"footnotes":""},"_links":{"self":[{"href":"https:\/\/madsheggen.no\/en\/wp-json\/wp\/v2\/pages\/33"}],"collection":[{"href":"https:\/\/madsheggen.no\/en\/wp-json\/wp\/v2\/pages"}],"about":[{"href":"https:\/\/madsheggen.no\/en\/wp-json\/wp\/v2\/types\/page"}],"author":[{"embeddable":true,"href":"https:\/\/madsheggen.no\/en\/wp-json\/wp\/v2\/users\/1"}],"replies":[{"embeddable":true,"href":"https:\/\/madsheggen.no\/en\/wp-json\/wp\/v2\/comments?post=33"}],"version-history":[{"count":45,"href":"https:\/\/madsheggen.no\/en\/wp-json\/wp\/v2\/pages\/33\/revisions"}],"predecessor-version":[{"id":582,"href":"https:\/\/madsheggen.no\/en\/wp-json\/wp\/v2\/pages\/33\/revisions\/582"}],"wp:attachment":[{"href":"https:\/\/madsheggen.no\/en\/wp-json\/wp\/v2\/media?parent=33"}],"curies":[{"name":"wp","href":"https:\/\/api.w.org\/{rel}","templated":true}]}}