{"id":29,"date":"2017-05-12T22:02:35","date_gmt":"2017-05-12T22:02:35","guid":{"rendered":"http:\/\/madsheggen.no\/?page_id=29"},"modified":"2020-03-31T20:33:28","modified_gmt":"2020-03-31T20:33:28","slug":"komposisjon","status":"publish","type":"page","link":"https:\/\/madsheggen.no\/en\/komposisjon\/","title":{"rendered":"Komposisjon og arrangering"},"content":{"rendered":"<p>[vc_row][vc_column][vc_column_text]<\/p>\n<h1>Komposisjon og arrangering<\/h1>\n<p>[\/vc_column_text][vc_column_text]Her er noen av mine komposisjoner. De fleste (og forel\u00f8pig alle) vil v\u00e6re digitalt innspilt gjennom notasjonsprogrammet Finale. V\u00e6r derfor oppmerksom p\u00e5 at lydbildet ikke n\u00f8dvendigvis er representativt for hvordan det vil h\u00f8res ut med ekte musikere. Under hvert av stykkene vil det ogs\u00e5 ligge noter til det aktuelle stykket. Tilbakemeldinger, b\u00e5de positive og negative, tas imot med stor takk!<\/p>\n<p>Trykk p\u00e5 de enkelte komposisjoners navn for innspilling og notemateriell.[\/vc_column_text][\/vc_column][\/vc_row][vc_row][vc_column][vc_column_text]<\/p>\n<h3><a href=\"https:\/\/madsheggen.no\/komposisjon\/moderne-fuge\/\">&#8220;Moderne fuge&#8221; &#8211; fuge nr. 1 (for strykekvartett)<\/a><\/h3>\n<p>Et lite stykke for strykekvartett. Stykket f\u00f8lger noe av strukturen til en fuge, men ikke helt (derav navnet &#8220;moderne fuge&#8221;).[\/vc_column_text][\/vc_column][\/vc_row][vc_row][vc_column][vc_column_text]<\/p>\n<h3><a href=\"https:\/\/madsheggen.no\/komposisjon\/i-folketone\/\">I folketone \u2013 arrangement<\/a><\/h3>\n<p>Et arrangement av Griegs \u201cI folketone\u201d for trompet, to klarinetter og cello.[\/vc_column_text][\/vc_column][\/vc_row]<\/p>\n","protected":false},"excerpt":{"rendered":"<p>[vc_row][vc_column][vc_column_text] Komposisjon og arrangering [\/vc_column_text][vc_column_text]Her er noen av mine komposisjoner. De fleste (og forel\u00f8pig alle) vil v\u00e6re digitalt innspilt gjennom notasjonsprogrammet Finale. V\u00e6r derfor oppmerksom p\u00e5 at lydbildet ikke n\u00f8dvendigvis er representativt for hvordan det vil h\u00f8res ut med ekte musikere. Under hvert av stykkene vil det ogs\u00e5 ligge noter til det aktuelle stykket. Tilbakemeldinger, [&hellip;]<\/p>\n","protected":false},"author":1,"featured_media":0,"parent":0,"menu_order":0,"comment_status":"closed","ping_status":"closed","template":"","meta":{"footnotes":""},"_links":{"self":[{"href":"https:\/\/madsheggen.no\/en\/wp-json\/wp\/v2\/pages\/29"}],"collection":[{"href":"https:\/\/madsheggen.no\/en\/wp-json\/wp\/v2\/pages"}],"about":[{"href":"https:\/\/madsheggen.no\/en\/wp-json\/wp\/v2\/types\/page"}],"author":[{"embeddable":true,"href":"https:\/\/madsheggen.no\/en\/wp-json\/wp\/v2\/users\/1"}],"replies":[{"embeddable":true,"href":"https:\/\/madsheggen.no\/en\/wp-json\/wp\/v2\/comments?post=29"}],"version-history":[{"count":14,"href":"https:\/\/madsheggen.no\/en\/wp-json\/wp\/v2\/pages\/29\/revisions"}],"predecessor-version":[{"id":496,"href":"https:\/\/madsheggen.no\/en\/wp-json\/wp\/v2\/pages\/29\/revisions\/496"}],"wp:attachment":[{"href":"https:\/\/madsheggen.no\/en\/wp-json\/wp\/v2\/media?parent=29"}],"curies":[{"name":"wp","href":"https:\/\/api.w.org\/{rel}","templated":true}]}}