{"id":158,"date":"2017-08-18T19:46:50","date_gmt":"2017-08-18T19:46:50","guid":{"rendered":"http:\/\/madsheggen.no\/?page_id=158"},"modified":"2021-01-25T13:36:21","modified_gmt":"2021-01-25T12:36:21","slug":"sokemotoroptimalisering","status":"publish","type":"page","link":"https:\/\/madsheggen.no\/en\/sokemotoroptimalisering\/","title":{"rendered":"S\u00f8kemotoroptimalisering &#8211; hva er det?"},"content":{"rendered":"<p>[vc_row][vc_column][vc_column_text]<\/p>\n<h1>S\u00f8kemotoroptimalisering\u00a0&#8211; hva er\u00a0det?<\/h1>\n<h4><a href=\"https:\/\/madsheggen.no\/spraak\/\">\u2190 Tilbake til spr\u00e5ktjenester<\/a><\/h4>\n<p>\u00c5 s\u00f8kemotoroptimalisere en tekst vil si \u00e5 tilpasse den slik at s\u00f8kemotorer (som oftest Google) ranger ditt nettsted h\u00f8yere i s\u00f8keresultatene. Dette genererer mer trafikk til nettstedet ditt. Visste du at 75 % av s\u00f8kerne ikke g\u00e5r lengre enn til side \u00e8n p\u00e5 Google? F\u00f8r kunne det \u00e5 ha en nettside v\u00e6re nok i seg selv. I dag er det kamp om plassen.<\/p>\n<p>Det finnes en rekke metoder man kan bruke for \u00e5 f\u00e5 nettsider h\u00f8yere opp i resultatene. Du kan velge \u00e5 lese deg opp og ta h\u00e5nd om dette selv, eller overlate jobben til meg, slik at du kan gj\u00f8re andre (men like viktige) ting.<\/p>\n<p>Her er noen av tiltakene du kan gj\u00f8re:[\/vc_column_text][\/vc_column][\/vc_row][vc_row][vc_column][vc_column_text]<\/p>\n<h3>S\u00f8keord<\/h3>\n<p>For at folk skal finne deg n\u00e5r man s\u00f8ker p\u00e5 ordet &#8220;r\u00f8rlegger&#8221; eller &#8220;elektriker&#8221;, m\u00e5 nettopp disse ordene nevnes p\u00e5 siden din, sammen med en rekke andre relevante ord. Skal de finne en r\u00f8rlegger i \u00c5lesund, m\u00e5 ogs\u00e5 byen nevnes p\u00e5 siden. Disse ordene skal videre plasseres strategisk rundt om i teksten og nevnes flere ganger, men skal heller ikke nevnes for mange ganger. N\u00f8kkelordene du velger \u00e5 fokusere p\u00e5 b\u00f8r v\u00e6re relevante for emnet du skriver om. Konkurransen innen for popul\u00e6re n\u00f8kkelord (som de to ovennevnte) er sv\u00e6rt stor, s\u00e5 her gjelder det \u00e5 v\u00e6re smart i valgene man tar.[\/vc_column_text][\/vc_column][\/vc_row][vc_row][vc_column][vc_column_text]<\/p>\n<h3>Struktur og kvalitet<\/h3>\n<p>Google bel\u00f8nner god struktur og kvalitet p\u00e5 innholdet du har p\u00e5 nettsiden. Det vil derfor l\u00f8nne seg \u00e5 gj\u00f8re det godt n\u00e5r man f\u00f8rst setter seg ned og skriver en tekst. Dette er ikke bare bra for s\u00f8kemotoroptimaliseringen, men ogs\u00e5 for leseren. En god tekst huskes bedre og lengre. Paragrafer, lister, grammatikk og god setningstruktur, er viktige holdepunkter \u00e5 strekke seg etter.[\/vc_column_text][\/vc_column][\/vc_row][vc_row][vc_column][vc_column_text]<\/p>\n<h3>God lastetid<\/h3>\n<p>S\u00f8kemotorer er ogs\u00e5 opptatt av at siden laster fort. Det er mange metoder du kan bruke for \u00e5 \u00f8ke lastetiden p\u00e5 nettsiden din. Man kan blant annet nedjustere filst\u00f8rrelsen p\u00e5 bilder og ikoner og utf\u00f8re diverse knep i koden til nettsiden. Hosting-tjenesten man bruker er ogs\u00e5 ansvarlig for lastetiden, men her dreier det seg som oftest om hvilke pakker man kj\u00f8per. G\u00e5r man for den laveste, vil man i mange tilfeller kunne merke det p\u00e5 farten, spesielt om mange bes\u00f8ker siden samtidig.[\/vc_column_text][\/vc_column][\/vc_row]<\/p>\n","protected":false},"excerpt":{"rendered":"<p>[vc_row][vc_column][vc_column_text] S\u00f8kemotoroptimalisering\u00a0&#8211; hva er\u00a0det? \u2190 Tilbake til spr\u00e5ktjenester \u00c5 s\u00f8kemotoroptimalisere en tekst vil si \u00e5 tilpasse den slik at s\u00f8kemotorer (som oftest Google) ranger ditt nettsted h\u00f8yere i s\u00f8keresultatene. Dette genererer mer trafikk til nettstedet ditt. Visste du at 75 % av s\u00f8kerne ikke g\u00e5r lengre enn til side \u00e8n p\u00e5 Google? F\u00f8r kunne det [&hellip;]<\/p>\n","protected":false},"author":1,"featured_media":0,"parent":0,"menu_order":0,"comment_status":"closed","ping_status":"closed","template":"","meta":{"footnotes":""},"_links":{"self":[{"href":"https:\/\/madsheggen.no\/en\/wp-json\/wp\/v2\/pages\/158"}],"collection":[{"href":"https:\/\/madsheggen.no\/en\/wp-json\/wp\/v2\/pages"}],"about":[{"href":"https:\/\/madsheggen.no\/en\/wp-json\/wp\/v2\/types\/page"}],"author":[{"embeddable":true,"href":"https:\/\/madsheggen.no\/en\/wp-json\/wp\/v2\/users\/1"}],"replies":[{"embeddable":true,"href":"https:\/\/madsheggen.no\/en\/wp-json\/wp\/v2\/comments?post=158"}],"version-history":[{"count":16,"href":"https:\/\/madsheggen.no\/en\/wp-json\/wp\/v2\/pages\/158\/revisions"}],"predecessor-version":[{"id":614,"href":"https:\/\/madsheggen.no\/en\/wp-json\/wp\/v2\/pages\/158\/revisions\/614"}],"wp:attachment":[{"href":"https:\/\/madsheggen.no\/en\/wp-json\/wp\/v2\/media?parent=158"}],"curies":[{"name":"wp","href":"https:\/\/api.w.org\/{rel}","templated":true}]}}