{"id":118,"date":"2017-06-01T06:20:47","date_gmt":"2017-06-01T06:20:47","guid":{"rendered":"http:\/\/madsheggen.no\/?page_id=118"},"modified":"2024-03-18T09:32:17","modified_gmt":"2024-03-18T08:32:17","slug":"korrekturlesing-og-sprakvask","status":"publish","type":"page","link":"https:\/\/madsheggen.no\/en\/korrekturlesing-og-sprakvask\/","title":{"rendered":"Spr\u00e5ktjenester: Korrekturlesing og spr\u00e5kvask"},"content":{"rendered":"<p>[vc_row][vc_column][vc_column_text]<\/p>\n<h1>Spr\u00e5ktjenester: Korrekturlesing og spr\u00e5kvask<\/h1>\n<p><a href=\"https:\/\/madsheggen.no\/spraak\/\">\u2190 Tilbake til spr\u00e5ktjenester<\/a><\/p>\n<p>Kvalitet er viktig. Korrekturlesing handler om \u00e5 sjekke teksten for feil og mangler. Er tekstene fylt av grammatiske feil og d\u00e5rlig oppbygde setninger, vil det svekke troverdigheten leseren har til deg eller din bedrift. Korrekturlesing er derfor en viktig del av kvalitetssikringen.<\/p>\n<p>I tillegg til \u00e5 rette grammatiske feil, skriver jeg ogs\u00e5 om p\u00e5 teksten for \u00e5 gj\u00f8re den lettere \u00e5 lese, hvis det er \u00f8nskelig. Som korrekturleser s\u00f8rger jeg for at terminologien er korrekt, at det ikke forekommer feilstavelser, at syntaksen (setningsstrukturen) er god, og at den ikke inneholder slurvefeil, slik som doble mellomrom. Hvis teksten skal publiseres p\u00e5 nett, og det er \u00f8nskelig \u00e5 gj\u00f8re den SEO-vennlig, tar jeg ogs\u00e5 hensyn til dette.[\/vc_column_text][vc_row_inner][vc_column_inner][vc_column_text]<\/p>\n<h2>Korrektur og spr\u00e5kvask for studenter<\/h2>\n<p>Studenter som trenger en hjelpende h\u00e5nd til gjennomgang av <a href=\"https:\/\/madsheggen.no\/korrektur-av-masteroppgave\/\">masteroppgaver<\/a> og <a href=\"https:\/\/madsheggen.no\/korrektur-av-bacheloroppgave\/\">bacheloroppgaver<\/a> (eller <a href=\"https:\/\/madsheggen.no\/spraktjenester-korrektur-av-studentoppgaver-og-arbeidskrav\/\">mindre arbeidskrav<\/a>) f\u00e5r rabattert pris p\u00e5 korrektur og spr\u00e5kvask. I tillegg til \u00e5 rette opp i det grammatiske, f\u00e5r du hjelp og forslag til hva som kan forbedres. Trykk p\u00e5 knappene for \u00e5 lese mer om korrektur av master- og bacheloroppgaver.[\/vc_column_text][\/vc_column_inner][vc_column_inner width=&#8221;1\/2&#8243;][vc_btn title=&#8221;Korrektur av masteroppgave&#8221; align=&#8221;left&#8221; i_icon_fontawesome=&#8221;fa fa-graduation-cap&#8221; button_block=&#8221;true&#8221; add_icon=&#8221;true&#8221; link=&#8221;url:https%3A%2F%2Fmadsheggen.no%2Fkorrektur-av-masteroppgave%2F|title:Spr%C3%A5ktjenester%3A%20Korrektur%20av%20masteroppgave||&#8221;][\/vc_column_inner][vc_column_inner width=&#8221;1\/2&#8243;][vc_btn title=&#8221;Korrektur av bacheloroppgave&#8221; align=&#8221;left&#8221; i_icon_fontawesome=&#8221;fa fa-graduation-cap&#8221; button_block=&#8221;true&#8221; add_icon=&#8221;true&#8221; link=&#8221;url:https%3A%2F%2Fmadsheggen.no%2Fkorrektur-av-bacheloroppgave%2F|title:Spr%C3%A5ktjenester%3A%20Korrektur%20av%20masteroppgave||&#8221;][\/vc_column_inner][\/vc_row_inner][vc_empty_space height=&#8221;10px&#8221;][\/vc_column][\/vc_row][vc_row][vc_column width=&#8221;1\/2&#8243;][vc_column_text]<\/p>\n<h3>Du f\u00e5r:<\/h3>\n<ul>\n<li>en tekst fri for grammatiske og syntaktiske feil<\/li>\n<li>en tekst som er enklere \u00e5 lese<\/li>\n<li>en tekst med korrekt terminologi<\/li>\n<li>kvalitetsgaranti*<\/li>\n<\/ul>\n<p>[\/vc_column_text][\/vc_column][vc_column width=&#8221;1\/2&#8243;][vc_column_text]<\/p>\n<h2>Kvalitetsgaranti*<\/h2>\n<p>\u00c5 gj\u00f8re feil er menneskelig. Selv om jeg gj\u00f8r mitt ytterste for \u00e5 bedre kvaliteten til teksten, kan det i enkelte tilfeller forekomme at feil ikke blir rettet. Hvis du oppdager noe du mener er feil i etterkant, vil jeg selvsagt rette det uten tillegg i prisen. Kvalitetsgarantien dekker ikke tillegg\/endringer p\u00e5 teksten du opprinnelig ga meg.[\/vc_column_text][\/vc_column][\/vc_row][vc_row][vc_column width=&#8221;1\/2&#8243;][vc_column_text]<\/p>\n<h3>Dette koster det<\/h3>\n<ul>\n<li>0,35 NOK per ord (+ MVA).<\/li>\n<li>Minstepris: 350 NOK (+ MVA).<\/li>\n<\/ul>\n<p>[\/vc_column_text][\/vc_column][\/vc_row][vc_row css=&#8221;.vc_custom_1580231921201{background-color: rgba(218,229,232,0.3) !important;*background-color: rgb(218,229,232) !important;}&#8221;][vc_column css=&#8221;.vc_custom_1582133490784{background-color: #ffffff !important;}&#8221;][vc_cta h2=&#8221;&#8221; color=&#8221;grey&#8221; add_icon=&#8221;top&#8221; i_icon_fontawesome=&#8221;fa fa-paper-plane-o&#8221; i_color=&#8221;black&#8221; i_on_border=&#8221;true&#8221;]<\/p>\n<h2 style=\"text-align: center;\">Kontaktopplysninger<\/h2>\n<h3 style=\"text-align: center;\"><a href=\"mailto:post@madsheggen.no\">post@madsheggen.no<\/a><\/h3>\n<h3 style=\"text-align: center;\">+47 48 00 30 26<\/h3>\n<p>[\/vc_cta][\/vc_column][\/vc_row]<\/p>\n","protected":false},"excerpt":{"rendered":"<p>[vc_row][vc_column][vc_column_text] Spr\u00e5ktjenester: Korrekturlesing og spr\u00e5kvask \u2190 Tilbake til spr\u00e5ktjenester Kvalitet er viktig. Korrekturlesing handler om \u00e5 sjekke teksten for feil og mangler. Er tekstene fylt av grammatiske feil og d\u00e5rlig oppbygde setninger, vil det svekke troverdigheten leseren har til deg eller din bedrift. Korrekturlesing er derfor en viktig del av kvalitetssikringen. I tillegg til \u00e5 [&hellip;]<\/p>\n","protected":false},"author":1,"featured_media":0,"parent":0,"menu_order":0,"comment_status":"closed","ping_status":"closed","template":"","meta":{"footnotes":""},"_links":{"self":[{"href":"https:\/\/madsheggen.no\/en\/wp-json\/wp\/v2\/pages\/118"}],"collection":[{"href":"https:\/\/madsheggen.no\/en\/wp-json\/wp\/v2\/pages"}],"about":[{"href":"https:\/\/madsheggen.no\/en\/wp-json\/wp\/v2\/types\/page"}],"author":[{"embeddable":true,"href":"https:\/\/madsheggen.no\/en\/wp-json\/wp\/v2\/users\/1"}],"replies":[{"embeddable":true,"href":"https:\/\/madsheggen.no\/en\/wp-json\/wp\/v2\/comments?post=118"}],"version-history":[{"count":29,"href":"https:\/\/madsheggen.no\/en\/wp-json\/wp\/v2\/pages\/118\/revisions"}],"predecessor-version":[{"id":690,"href":"https:\/\/madsheggen.no\/en\/wp-json\/wp\/v2\/pages\/118\/revisions\/690"}],"wp:attachment":[{"href":"https:\/\/madsheggen.no\/en\/wp-json\/wp\/v2\/media?parent=118"}],"curies":[{"name":"wp","href":"https:\/\/api.w.org\/{rel}","templated":true}]}}